{"id":18178,"date":"2024-12-17T10:39:03","date_gmt":"2024-12-17T10:39:03","guid":{"rendered":"https:\/\/moderansolutions.com\/?page_id=18178"},"modified":"2025-06-06T14:15:35","modified_gmt":"2025-06-06T14:15:35","slug":"privacy-policy-1","status":"publish","type":"page","link":"https:\/\/moderansolutions.com\/de\/privacy-policy-1\/","title":{"rendered":"Privacy"},"content":{"rendered":"<div data-elementor-type=\"wp-page\" data-elementor-id=\"18178\" class=\"elementor elementor-18178\" data-elementor-post-type=\"page\">\n\t\t\t\t<div class=\"elementor-element elementor-element-352d367 e-flex e-con-boxed e-con e-parent\" data-id=\"352d367\" data-element_type=\"container\" data-e-type=\"container\">\n\t\t\t\t\t<div class=\"e-con-inner\">\n\t\t<div class=\"elementor-element elementor-element-6b982c8 e-con-full e-flex e-con e-child\" data-id=\"6b982c8\" data-element_type=\"container\" data-e-type=\"container\">\n\t\t\t\t<div class=\"elementor-element elementor-element-208c860 elementor-widget elementor-widget-heading\" data-id=\"208c860\" data-element_type=\"widget\" data-e-type=\"widget\" data-widget_type=\"heading.default\">\n\t\t\t\t<div class=\"elementor-widget-container\">\n\t\t\t\t\t<h2 class=\"elementor-heading-title elementor-size-default\">Datenschutzerkl\u00e4rung<\/h2>\t\t\t\t<\/div>\n\t\t\t\t<\/div>\n\t\t\t\t<div class=\"elementor-element elementor-element-2d5a0c2 elementor-widget elementor-widget-text-editor\" data-id=\"2d5a0c2\" data-element_type=\"widget\" data-e-type=\"widget\" data-widget_type=\"text-editor.default\">\n\t\t\t\t<div class=\"elementor-widget-container\">\n\t\t\t\t\t\t\t\t\t<div id=\"learn-more\" class=\"fusion-fullwidth fullwidth-box fusion-builder-row-2 container-page nonhundred-percent-fullwidth non-hundred-percent-height-scrolling\"><div class=\"fusion-builder-row fusion-row\"><div class=\"fusion-layout-column fusion_builder_column fusion-builder-column-3 fusion_builder_column_2_3 2_3 fusion-two-third\"><div class=\"fusion-column-wrapper fusion-column-has-shadow fusion-flex-column-wrapper-legacy\"><div class=\"fusion-title title fusion-title-3 fusion-sep-none fusion-title-text fusion-title-size-three\"><h3 class=\"fusion-title-heading title-heading-left fusion-responsive-typography-calculated\">Allgemeine Gesch\u00e4fts- und Nutzungsbedingungen<\/h3><\/div><div class=\"fusion-text fusion-text-1\"><p>Dieser Vertrag \u00fcber Gesch\u00e4fts- und Nutzungsbedingungen (\u201eBedingungen\u201c, \u201eNutzungsbedingungen\u201c) regelt Ihre (\u201eSie\u201c, \u201eNutzer\u201c) Beziehung mit der Website www.moderan.net (\u201eService\u201c, \u201eDienstleistung\u201c), betrieben durch Moderan Solutions O\u00dc (\u201ewir\u201c oder \u201eunser(e)\u201c).<\/p><p>Bitte lesen Sie die vorliegenden Nutzungsbedingungen sorgf\u00e4ltig, bevor Sie unseren Service in Anspruch nehmen.<\/p><p>Ihr Zugang zu und Ihre Nutzung der Dienstleistung setzt voraus, dass Sie die vorliegenden Bedingungen (und gesonderte, von den Allgemeinen Gesch\u00e4fts- und Nutzungsbedingungen abweichende oder sie erg\u00e4nzende Bedingungen, auf die sich die Vertragsparteien evtl. geeinigt und diese durch Unterschrift best\u00e4tigt haben) akzeptieren und einhalten. Diese Bedingungen gelten f\u00fcr alle Besucher, Nutzer und andere, die auf den Dienst zugreifen oder ihn nutzen.<\/p><p>Beim Zugriff auf bzw. Nutzung unseres Service stimmen der Einhaltung dieser Bedingungen zu. Falls Sie irgendeinem Teil der Bedingungen nicht zustimmen, k\u00f6nnen Sie nicht auf den Service zugreifen.<\/p><p>Die Inanspruchnahme des Service geschieht auf eigene Gefahr. Der Service wird auf Basis von \u201ewie gesehen\u201c und \u201cwie vorhanden\u201c angeboten.<\/p><p>\u00a0<\/p><\/div><\/div><\/div><\/div><\/div><div class=\"fusion-fullwidth fullwidth-box fusion-builder-row-3 container-page nonhundred-percent-fullwidth non-hundred-percent-height-scrolling\"><div class=\"fusion-builder-row fusion-row\"><div class=\"fusion-layout-column fusion_builder_column fusion-builder-column-6 fusion_builder_column_2_3 2_3 fusion-two-third\"><div class=\"fusion-column-wrapper fusion-column-has-shadow fusion-flex-column-wrapper-legacy\"><div class=\"fusion-text fusion-text-2\"><h4 class=\"fusion-responsive-typography-calculated\" data-fontsize=\"24\" data-lineheight=\"32.64px\">Abonnement<\/h4><p>Einige Teile des Services werden auf Basis eines Abonnements in Rechnung gestellt (\u201eAbonnement(s)\u201c). Wir stellen Ihnen unseren Service auf Vorkasse, als wiederkehrende und periodische Zahlung, zur Verf\u00fcgung (\u201eRechnungszyklus\u201c). Der Rechnungszyklus ist entweder monatlich, viertelj\u00e4hrlich oder j\u00e4hrlich, abh\u00e4ngig vom Abonnementtyp, der von Ihnen bei Abonnementkauf gew\u00e4hlt wurde.<\/p><p>Am Ende des Rechnungszeitraums verl\u00e4ngert sich Ihr Abonnement automatisch zu denselben Bedingungen, vorausgesetzt es wird nicht von Ihnen bzw. von Seiten von Moderan Solutions O\u00dc gek\u00fcndigt. Sie k\u00f6nnen die Erneuerung Ihres Abonnements stornieren, indem Sie sich an die Kundenberatung von Moderan Solutions O\u00dc wenden.<\/p><p>Eine g\u00fcltige Zahlungsmethode, einschlie\u00dflich Kreditkarte oder PayPal, ist erforderlich, um die Zahlung f\u00fcr Ihr Abonnement zu verarbeiten. Sie m\u00fcssen Moderan Solutions O\u00dc die vollst\u00e4ndigen Rechnungsdaten, darunter Ihren vollst\u00e4ndigen Name, Adresse, Postleitzahl, Telefonnummer, USt-IdNr. (sofern vorhanden) und die n\u00f6tigen Informationen f\u00fcr eine g\u00fcltige Zahlungsmethode bereitstellen. Durch die \u00dcbermittlung der Zahlungsinformationen erm\u00e4chtigen Sie Moderan Solutions O\u00dc automatisch, alle Abonnementgeb\u00fchren, die \u00fcber Ihr Konto anfallen, \u00fcber jene Zahlungsinstrumente abzurechnen.<\/p><p>Sollte der automatische Geb\u00fchreneinzug aus irgendeinem Grund fehlschlagen oder Sie sich mit uns auf Bezahlung per Rechnung geeinigt haben, stellt Moderan Solutions O\u00dc f\u00fcr Sie zu Beginn eines jeden Rechnungszyklus eine elektronische Rechnung aus, die von Ihnen aktiv zu einem bestimmten F\u00e4lligkeitsdatum und im auf der Rechnung genannten Umfang, f\u00fcr den vermerkten Rechnungszeitraum, zu begleichen ist. Bei Zahlungsverzug erheben wir Verzugszinsen in H\u00f6he von 0,5% des ausstehenden Rechnungsbetrags f\u00fcr jeden Verzugstag.<\/p><p>\u00a0<\/p><h4 class=\"fusion-responsive-typography-calculated\" data-fontsize=\"24\" data-lineheight=\"32.64px\">Kostenlose Testversion<\/h4><p>Moderan Solutions O\u00dc kann nach eigenem Ermessen ein Abonnement mit einer kostenlosen Testversion f\u00fcr einen begrenzten Zeitraum anbieten (\"Kostenlose Testversion\").<\/p><p>Sie k\u00f6nnen aufgefordert werden, Ihre Rechnungsdaten einzugeben, um sich f\u00fcr die kostenlose Testversion anzumelden.<\/p><p>Wenn Sie Ihre Rechnungsdaten bei der Anmeldung f\u00fcr den kostenlosen Testzeitraum eingeben, werden Sie von Moderan Solutions O\u00dc nicht belastet, bis der kostenlose Testzeitraum abgelaufen ist. Am letzten Tag des kostenlosen Testzeitraums werden Ihnen automatisch die entsprechenden Abonnementgeb\u00fchren f\u00fcr die von Ihnen gew\u00e4hlte Art des Abonnements in Rechnung gestellt, sofern Sie Ihr Abonnement nicht gek\u00fcndigt haben.<\/p><p>Moderan Solutions O\u00dc beh\u00e4lt sich das Recht vor, jederzeit und ohne Vorank\u00fcndigung (i) die Bedingungen des kostenlosen Testangebots zu \u00e4ndern oder (ii) das kostenlose Testangebot zu stornieren.<\/p><p>\u00a0<\/p><h4 class=\"fusion-responsive-typography-calculated\" data-fontsize=\"24\" data-lineheight=\"32.64px\">Geb\u00fchren\u00e4nderungen<\/h4><p>Moderan Solutions O\u00dc kann nach eigenem Ermessen und zu jeder Zeit die Abonnementgeb\u00fchren f\u00fcr die Abonnements \u00e4ndern. Jede \u00c4nderung der Abonnementgeb\u00fchren tritt am Ende des aktuellen Abrechnungszyklus in Kraft.<\/p><p>Moderan Solutions O\u00dc wird Sie mit einer angemessenen Frist \u00fcber eine \u00c4nderung der Abonnementgeb\u00fchren informieren, um Ihnen die M\u00f6glichkeit zu geben, Ihr Abonnement zu k\u00fcndigen, bevor die \u00c4nderung in Kraft tritt.<\/p><p>Ihre fortgesetzte Nutzung des Dienstes nach Inkrafttreten der \u00c4nderung der Abonnementgeb\u00fchren gilt als Ihr Einverst\u00e4ndnis, den ge\u00e4nderten Betrag der Abonnementgeb\u00fchren zu zahlen.<\/p><h4 class=\"fusion-responsive-typography-calculated\" data-fontsize=\"24\" data-lineheight=\"32.64px\">R\u00fcckerstattungen<\/h4><p>Die gezahlten Abonnementgeb\u00fchren sind nicht r\u00fcckerstattungsf\u00e4hig, es sei denn, dies ist gesetzlich vorgeschrieben.<\/p><p>\u00a0<\/p><h4 class=\"fusion-responsive-typography-calculated\" data-fontsize=\"24\" data-lineheight=\"32.64px\">Inhalt<\/h4><p>Unser Dienst erm\u00f6glicht es Ihnen, bestimmte Informationen, Texte, Grafiken oder andere Materialien (\u201eInhalte\u201c) einzugeben, hochzuladen, zu verlinken, zu speichern oder anderweitig verf\u00fcgbar zu machen. Sie sind verantwortlich f\u00fcr die Inhalte, die Sie in den Dienst einstellen, einschlie\u00dflich ihrer Rechtm\u00e4\u00dfigkeit, Zuverl\u00e4ssigkeit und Angemessenheit. Wir erheben keinen Anspruch auf geistige Eigentumsrechte an den Materialien und Daten, die Sie dem Dienst zur Verf\u00fcgung stellen. Alle hochgeladenen Materialien und Daten bleiben Ihr Eigentum.<\/p><p>Sie versichern und garantieren, dass (i) der Inhalt Ihnen geh\u00f6rt (Sie sind Eigent\u00fcmer) oder Sie das Recht haben, ihn zu nutzen und uns die in diesen Bedingungen vorgesehenen Rechte und Lizenzen zu gew\u00e4hren, und (ii) die Ver\u00f6ffentlichung Ihres Inhalts im oder \u00fcber den Dienst nicht gegen die Datenschutzrechte, Ver\u00f6ffentlichungsrechte, Urheberrechte, Vertragsrechte oder andere Rechte einer Person verst\u00f6\u00dft.<\/p><p>Sie erteilen uns die Genehmigung, Ihre Inhalte zu verwenden, zu kopieren, zu \u00fcbertragen, zu speichern und zu sichern, um Ihnen den Zugang und die Nutzung des Dienstes zu erm\u00f6glichen, sowie f\u00fcr jeden anderen Zweck, der mit der Bereitstellung des Services f\u00fcr Sie verbunden ist.<\/p><p>Die detaillierten Regelungen zur Auftragsverarbeitung durch den Dienst sind im\u00a0<a href=\"https:\/\/moderansolutions.com\/de\/auftragsverarbeitungsvertrag\/\">\u201eVertrag \u00fcber die Auftragsverarbeitung personenbezogener Daten nach EU Datenschutz-Grundverordnung (AV-Vertrag)\u201c<\/a>festgelegt. Der AV-Vertrag ist Teil der Allgemeinen Gesch\u00e4fts- und Nutzungsbedingungen von Moderan.<\/p><p>Wir empfehlen Ihnen, Kopien aller in den Dienst eingegebenen Daten aufzubewahren. Wir halten uns an unsere Best-Practice-Richtlinien und -Verfahren zur Verhinderung von Datenverlusten, einschlie\u00dflich eines Systems zur t\u00e4glichen Datensicherung, k\u00f6nnen jedoch nicht garantieren, dass keine Daten verloren gehen. Wir schlie\u00dfen ausdr\u00fccklich die Haftung f\u00fcr jeglichen Verlust von Inhalten aus, unabh\u00e4ngig davon, wie dieser verursacht wurde.<\/p><p>\u00a0<\/p><h4 class=\"fusion-responsive-typography-calculated\" data-fontsize=\"24\" data-lineheight=\"32.64px\">Vertraulichkeit<\/h4><p>Sowohl Sie als auch wir sind verpflichtet, die vertraulichen Informationen \u00fcber den jeweils anderen, die ihnen im Zusammenhang mit dem Abschluss und der Durchf\u00fchrung der Bedingungen f\u00fcr die Nutzung des Dienstes bekannt geworden sind, geheim zu halten, insbesondere Informationen \u00fcber die Gesch\u00e4ftst\u00e4tigkeit des Kunden, technische L\u00f6sungen und Sicherheitsanforderungen im Zusammenhang mit der Durchf\u00fchrung der Bedingungen und andere sensible Informationen, die nicht \u00f6ffentlich zug\u00e4nglich sind. Weder Sie noch wir werden ohne die vorherige schriftliche Zustimmung der jeweils anderen Partei vertrauliche Informationen offenlegen oder einer anderen Person zug\u00e4nglich machen oder diese zu ihrem eigenen Vorteil nutzen, au\u00dfer wie in diesen Bedingungen beschrieben.<\/p><p>Die Vertraulichkeitsklausel gilt nicht f\u00fcr Informationen, die:<\/p><ul><li>auf andere Weise als durch einen Versto\u00df gegen diese Klausel \u00f6ffentlich bekannt sind oder werden.<\/li><li>von einem Dritten erhalten wurden, der sie rechtm\u00e4\u00dfig erworben hat und der nicht verpflichtet ist, ihre Weitergabe zu beschr\u00e4nken.<\/li><li>sich im Besitz der empfangenden Partei befinden, und zwar ohne Einschr\u00e4nkung in Bezug auf die Offenlegung vor dem Datum des Empfangs von der offenlegenden Partei.<\/li><li>unabh\u00e4ngig ausgearbeitet wurden, ohne Zugang zu den vertraulichen Informationen.<\/li><\/ul><p>\u00a0<\/p><h4 class=\"fusion-responsive-typography-calculated\" data-fontsize=\"24\" data-lineheight=\"32.64px\">Konten<\/h4><p>Wenn Sie als Kunde ein Konto bei uns erstellen, m\u00fcssen Sie uns Informationen zur Verf\u00fcgung stellen, die jederzeit korrekt, vollst\u00e4ndig und aktuell sind. Wenn Sie dies nicht tun, stellt dies einen Versto\u00df gegen die Bedingungen dar, der zur sofortigen K\u00fcndigung Ihres Kontos bei unserem Service f\u00fchren kann.<\/p><p>Sie sind verantwortlich f\u00fcr den Schutz des Passworts, das Sie f\u00fcr den Zugriff auf den Dienst verwenden, sowie f\u00fcr alle Aktivit\u00e4ten oder Handlungen unter Ihrem Passwort, unabh\u00e4ngig davon, ob Ihr Passwort f\u00fcr unseren Dienst oder f\u00fcr einen Dienst eines Dritten verwendet wird.<\/p><p>Sie verpflichten sich, Ihr Passwort nicht an Dritte weiterzugeben. Sie m\u00fcssen uns sofort benachrichtigen, wenn Sie von einer Verletzung der Sicherheit oder einer unbefugten Nutzung Ihres Kontos erfahren.<\/p><p>Es ist Ihnen nicht gestattet, als Benutzernamen den Namen einer anderen nat\u00fcrlichen oder juristischen Person oder einen Namen oder eine Marke zu verwenden, der\/die ohne entsprechende Genehmigung den Rechten einer anderen nat\u00fcrlichen oder juristischen Person als Ihnen unterliegt, oder einen Namen, der anderweitig beleidigend, vulg\u00e4r oder obsz\u00f6n ist.<\/p><p>Der Kunde haftet f\u00fcr alle Nutzer, die im Namen des Kunden handeln, und muss sicherstellen, dass ein Nutzer, der im Namen des Kunden handelt, diese Bedingungen und Anforderungen f\u00fcr die Nutzung des Dienstes uneingeschr\u00e4nkt erf\u00fcllt. Der Kunde ist f\u00fcr alle Inhalte und Aktivit\u00e4ten verantwortlich, die unter seinem Konto eingestellt werden \u2013 selbst dann, wenn die Inhalte von Dritten eingestellt werden, die \u00fcber eigene Anmeldedaten unter Ihrem Konto verf\u00fcgen.<\/p><p>Sie m\u00fcssen ein Mensch sein. Durch \u201eBots\u201c oder andere automatische Methoden registrierte Konten sind nicht zul\u00e4ssig.<\/p><p>\u00a0<\/p><h4 class=\"fusion-responsive-typography-calculated\" data-fontsize=\"24\" data-lineheight=\"32.64px\">Links zu anderen Webseiten<\/h4><p>Unser Service kann Links zu Webseiten oder Diensten Dritter enthalten, die nicht im Besitz oder unter der Kontrolle von Moderan Solutions O\u00dc sind.<\/p><p>Moderan Solutions O\u00dc hat keine Kontrolle \u00fcber und \u00fcbernimmt keine Verantwortung f\u00fcr den Inhalt, die Datenschutzrichtlinien oder die Praktiken von Webseiten oder Diensten Dritter. Sie erkennen ferner an und erkl\u00e4ren sich damit einverstanden, dass Moderan Solutions O\u00dc weder direkt noch indirekt f\u00fcr Sch\u00e4den oder Verluste verantwortlich oder haftbar ist, die durch oder in Verbindung mit der Nutzung von oder dem Vertrauen auf solche Inhalte, Waren oder Dienstleistungen, die auf oder \u00fcber solche Websites oder Dienstleistungen verf\u00fcgbar sind, verursacht wurden oder angeblich verursacht wurden.<\/p><p>Wir empfehlen Ihnen dringend, die Gesch\u00e4ftsbedingungen und Datenschutzrichtlinien der von Ihnen besuchten Websites oder Dienste Dritter zu lesen.<\/p><p>\u00a0<\/p><h4 class=\"fusion-responsive-typography-calculated\" data-fontsize=\"24\" data-lineheight=\"32.64px\">K\u00fcndigung und Aufl\u00f6sung<\/h4><p>Sie sind allein daf\u00fcr verantwortlich, Ihr Konto ordnungsgem\u00e4\u00df zu k\u00fcndigen. Um Ihr Konto zu k\u00fcndigen, senden Sie Ihre K\u00fcndigungsanfrage an\u00a0<span id=\"cloak7ffac3ee3cc3d5cc3709047c126e0dec\"><a href=\"mailto:info@moderan.net\">info@moderan.net<\/a><\/span>\u00a0.<\/p><p>Sowohl Sie als auch wir haben das Recht, den Dienst jederzeit und ohne Angabe von Gr\u00fcnden ordentlich zu k\u00fcndigen, indem wir die andere Partei 30 (drei\u00dfig) Kalendertage im Voraus schriftlich davon in Kenntnis setzen.<\/p><p>Wir sind berechtigt, Ihr Konto sofort und ohne vorherige Ank\u00fcndigung und Haftung zu k\u00fcndigen oder auszusetzen, wenn Sie gegen die vorliegenden Allgemeinen Gesch\u00e4fts- und Nutzungsbedingungen versto\u00dfen.<\/p><p>Mit der K\u00fcndigung erlischt Ihr Recht zur Nutzung des Dienstes unverz\u00fcglich.<\/p><p>\u00a0<\/p><h4 class=\"fusion-responsive-typography-calculated\" data-fontsize=\"24\" data-lineheight=\"32.64px\">Geltendes Recht<\/h4><p>Die vorliegenden Allgemeinen Gesch\u00e4fts- und Nutzungbedingungen unterliegen den Gesetzen Estlands und sind entsprechend auszulegen, ohne R\u00fccksicht auf Internationales Privatrecht \/ Kollisionsrecht.<\/p><p>Die vorliegende deutsche Version der Gesch\u00e4fts- und Nutzungsbedingungen ist in ihrer Art nur von informativer Natur. Bei jeglichen Abweichungen hat die englische Version der Bedingungen Vorrang.\n\nUnser Vers\u00e4umnis, ein Recht oder eine Bestimmung dieser Bedingungen durchzusetzen, gilt nicht als Verzicht auf diese Rechte. Sollte eine Bestimmung dieser Bedingungen von einem Gericht f\u00fcr ung\u00fcltig oder nicht durchsetzbar erkl\u00e4rt werden, bleiben die \u00fcbrigen Bestimmungen dieser Bedingungen in Kraft. Diese Bedingungen stellen die gesamte Vereinbarung zwischen uns in Bezug auf unseren Service dar und ersetzen alle fr\u00fcheren Vereinbarungen zwischen uns in Bezug auf den Service.<\/p><p>\u00a0<\/p><h4 class=\"fusion-responsive-typography-calculated\" data-fontsize=\"24\" data-lineheight=\"32.64px\">\u00c4nderungen<\/h4><p>Wir behalten uns das Recht vor, die Gesch\u00e4fts- und Nutzungsbedingungen jederzeit nach eigenem Ermessen zu \u00e4ndern oder zu ersetzen. Wenn eine \u00c4nderung wesentlich ist, werden wir versuchen, sie mindestens 30 Tage vor Inkrafttreten der neuen Bedingungen anzuk\u00fcndigen. Was eine wesentliche \u00c4nderung darstellt, wird nach unserem alleinigen Ermessen festgelegt.<\/p><p>Indem Sie nach Inkrafttreten der \u00c4nderungen weiterhin auf unseren Service zugreifen oder ihn nutzen, erkl\u00e4ren Sie sich mit den \u00fcberarbeiteten Bedingungen einverstanden. Wenn Sie mit den neuen Bedingungen nicht einverstanden sind, beenden Sie bitte die Nutzung des Services.<\/p><p>\u00a0<\/p><h4 class=\"\" data-fontsize=\"24\" data-lineheight=\"32.6333px\">Kontakt<\/h4><p>Wenn Sie Fragen zu unseren Gesch\u00e4ftsbedingungen haben, kontaktieren Sie uns bitte unter\u00a0<span id=\"cloakddde89b2436ee722acd9d20fcef56358\"><a href=\"mailto:info@moderan.net\">info@moderan.net<\/a><\/span>\u00a0.<\/p><\/div><\/div><\/div><\/div><\/div>\t\t\t\t\t\t\t\t<\/div>\n\t\t\t\t<\/div>\n\t\t\t\t<\/div>\n\t\t\t\t\t<\/div>\n\t\t\t\t<\/div>\n\t\t\t\t<\/div>","protected":false},"excerpt":{"rendered":"<p>Privacy Policy Terms of Service Agreement This Terms of Service Agreement (\u201cTerms\u201d, \u201cTerms of Service\u201d) governs your (\u201eyou\u201c, \u201eCustomer\u201c) relationship with www.moderan.net website (the \u201cService\u201d) operated by Moderan Solutions O\u00dc (\u201cus\u201d, \u201cwe\u201d, or \u201cour\u201d). Please read these Terms of Service carefully before using the Service. Your access to and use of the Service is conditioned [&hellip;]<\/p>\n","protected":false},"author":1,"featured_media":0,"parent":0,"menu_order":0,"comment_status":"closed","ping_status":"closed","template":"","meta":{"_acf_changed":false,"footnotes":""},"class_list":["post-18178","page","type-page","status-publish","hentry"],"acf":[],"_links":{"self":[{"href":"https:\/\/moderansolutions.com\/de\/wp-json\/wp\/v2\/pages\/18178","targetHints":{"allow":["GET"]}}],"collection":[{"href":"https:\/\/moderansolutions.com\/de\/wp-json\/wp\/v2\/pages"}],"about":[{"href":"https:\/\/moderansolutions.com\/de\/wp-json\/wp\/v2\/types\/page"}],"author":[{"embeddable":true,"href":"https:\/\/moderansolutions.com\/de\/wp-json\/wp\/v2\/users\/1"}],"replies":[{"embeddable":true,"href":"https:\/\/moderansolutions.com\/de\/wp-json\/wp\/v2\/comments?post=18178"}],"version-history":[{"count":0,"href":"https:\/\/moderansolutions.com\/de\/wp-json\/wp\/v2\/pages\/18178\/revisions"}],"wp:attachment":[{"href":"https:\/\/moderansolutions.com\/de\/wp-json\/wp\/v2\/media?parent=18178"}],"curies":[{"name":"wp","href":"https:\/\/api.w.org\/{rel}","templated":true}]}}