{"id":19029,"date":"2025-06-06T13:44:17","date_gmt":"2025-06-06T13:44:17","guid":{"rendered":"https:\/\/moderansolutions.com\/?page_id=19029"},"modified":"2025-06-06T14:18:51","modified_gmt":"2025-06-06T14:18:51","slug":"privacy-policy","status":"publish","type":"page","link":"https:\/\/moderansolutions.com\/pl\/privacy-policy\/","title":{"rendered":"Privacy Policy"},"content":{"rendered":"<h2 class=\"wp-block-heading\">Kim jeste\u015bmy?<\/h2>\r\n\r\n\r\n\r\n<p>Nasza strona internetowa: https:\/\/moderansolutions.com.<\/p>\r\n\r\n\r\n\r\n<h2 class=\"wp-block-heading\">Komentarze<\/h2>\r\n\r\n\r\n\r\n<p>Gdy odwiedzaj\u0105cy zostawiaj\u0105 komentarz na stronie, zbieramy dane podane w formularzu komenarza, a tak\u017ce adres IP odwiedzaj\u0105cego oraz identyfikator u\u017cytkownika przegl\u0105darki (tzw. user agent), aby pom\u00f3c w wykrywaniu spamu.<\/p>\r\n\r\n\r\n\r\n<p>Zanonimizowany ci\u0105g znak\u00f3w (hash) utworzony z Twojego adresu e-mail mo\u017ce zosta\u0107 przekazany do us\u0142ugi Gravatar, aby sprawdzi\u0107, czy z niej korzystasz. Polityka prywatno\u015bci us\u0142ugi Gravatar jest dost\u0119pna tutaj: https:\/\/automattic.com\/privacy\/. Po zatwierdzeniu komentarza Twoje zdj\u0119cie profilowe b\u0119dzie widoczne publicznie w kontek\u015bcie komentarza.<\/p>\r\n\r\n\r\n\r\n<h2 class=\"wp-block-heading\">Media<\/h2>\r\n\r\n\r\n\r\n<p>Je\u015bli przesy\u0142asz zdj\u0119cia na stron\u0119, powiniene\u015b unika\u0107 dodawania obraz\u00f3w zawieraj\u0105cych osadzone dane lokalizacyjne (EXIF GPS). Odwiedzaj\u0105cy stron\u0119 mog\u0105 pobra\u0107 i wyodr\u0119bni\u0107 ze zdj\u0119\u0107 wszystkie dane o lokalizacji.<\/p>\r\n\r\n\r\n\r\n<h2 class=\"wp-block-heading\">Pliki cookie<\/h2>\r\n\r\n\r\n\r\n<p>Je\u015bli zostawiasz komentarz na naszej stronie, mo\u017cesz wybra\u0107 opcj\u0119 zapisania Twojego imienia, adresu e-mail, a tak\u017ce strony w plikach cookie. To rozwi\u0105zanie dla Twojej wygody \u2013 dzi\u0119ki niemu nie b\u0119dziesz musia\u0142 ponownie wpisywa\u0107 swoich danych przy dodawaniu kolejnego komentarza. Te pliki cookie b\u0119d\u0105 przechowywane przez rok.<\/p>\r\n\r\n\r\n\r\n<p>Je\u015bli odwiedzisz stron\u0119 logowania, ustawimy tymczasowy plik cookie, aby sprawdzi\u0107, czy Twoja przegl\u0105darka akceptuje pliki cookie. Ten plik nie zawiera \u017cadnych danych osobowych i zostanie usuni\u0119ty po zamkni\u0119ciu przegl\u0105darki.<\/p>\r\n\r\n\r\n\r\n<p>Podczas logowania ustawimy r\u00f3wnie\u017c kilka plik\u00f3w cookie, aby zapisa\u0107 informacje o Twoim koncie oraz preferencje dotycz\u0105ce wy\u015bwietlania ekranu. Pliki cookie logowania b\u0119d\u0105 przechowywane przez dwa dni, a pliki dotycz\u0105ce ustawie\u0144 wy\u015bwietlania przez rok. Je\u015bli wybierzesz opcj\u0119 \"Zapami\u0119taj mnie\", Twoje logowanie zostanie zachowane na dwa tygodnie. Po wylogowaniu si\u0119 z konta pliki cookie logowania zostan\u0105 usuni\u0119te.<\/p>\r\n\r\n\r\n\r\n<p>Je\u015bli edytujesz lub opublikujesz artyku\u0142, w Twojej przegl\u0105darce zostanie zapisany dodatkowy plik cookie. Plik ten nie zawiera \u017cadnych danych osobowych i jedynie wskazuje ID edytowanego artyku\u0142u. Wygasa po jednym dniu.<\/p>\r\n\r\n\r\n\r\n<h2 class=\"wp-block-heading\">Osadzone tre\u015bci z innych stron internetowych<\/h2>\r\n\r\n\r\n\r\n<p>Artyku\u0142y na tej stronie mog\u0105 zawiera\u0107 osadzone tre\u015bci (np. filmy, zdj\u0119cia, artyku\u0142y itp.). Osadzone tre\u015bci z innych witryn internetowych zachowuj\u0105 si\u0119 dok\u0142adnie tak, jakby u\u017cytkownik odwiedzi\u0142 tamt\u0105 stron\u0119.<\/p>\r\n\r\n\r\n\r\n<p>Te witryny mog\u0105 gromadzi\u0107 dane na Tw\u00f3j temat, u\u017cywa\u0107 plik\u00f3w cookie, osadza\u0107 dodatkowe mechanizmy \u015bledz\u0105ce podmiot\u00f3w trzecich oraz monitorowa\u0107 Twoj\u0105 interakcj\u0119 z osadzonymi tre\u015bciami \u2013 w tym tak\u017ce, je\u015bli masz konto i jeste\u015b zalogowany na tej witrynie.<\/p>\r\n\r\n\r\n\r\n<h2 class=\"wp-block-heading\">Komu udost\u0119pniamy Twoje dane?<\/h2>\r\n\r\n\r\n\r\n<p>Je\u015bli poprosisz o zmian\u0119 has\u0142a, Tw\u00f3j adres IP zostanie do\u0142\u0105czony do wiadomo\u015bci e-mail.<\/p>\r\n\r\n\r\n\r\n<h2 class=\"wp-block-heading\">Jak d\u0142ugo przechowujemy Twoje dane?<\/h2>\r\n\r\n\r\n\r\n<p>Je\u015bli zostawisz komentarz, zar\u00f3wno on, jak i jego metadane sa przechowywane bezterminowo. Dzi\u0119ki temu mo\u017cemy automatycznie rozpoznawa\u0107 i zatwierdza\u0107 kolejne komentarze, zamiast umieszcza\u0107 je w kolejce do moderacji.<\/p>\r\n\r\n\r\n\r\n<p>Dla u\u017cytkownik\u00f3w, kt\u00f3rzy zarejestruj\u0105 si\u0119 na naszej stronie (je\u015bli tacy s\u0105), przechowujemy r\u00f3wnie\u017c dane osobowe podane w ich profilu u\u017cytkownika. Wszyscy u\u017cytkownicy mog\u0105 w ka\u017cdej chwili przegl\u0105da\u0107, edytowac lub usuwa\u0107 swoje dane osobowe (z wyj\u0105tkiem nazwy u\u017cytkownika, kt\u00f3rej nie mo\u017cna zmieni\u0107). Administratorzy strony r\u00f3wnie\u017c maj\u0105 dost\u0119p do tych informacji i mog\u0105 je edytowa\u0107.<\/p>\r\n\r\n\r\n\r\n<h2 class=\"wp-block-heading\">Twoje prawa dotycz\u0105ce danych osobowych<\/h2>\r\n\r\n\r\n\r\n<p>Je\u015bli masz konto na tej stronie lub zostawi\u0142e\u015b komentarze, mo\u017cesz za\u017c\u0105da\u0107 otrzymania pliku z wyeksportowanymi danymi osobowymi, kt\u00f3re przechowujemy na Tw\u00f3j temat \u2013 w tym wszelkich danych, kt\u00f3re nam przekaza\u0142e\u015b. Mo\u017cesz r\u00f3wnie\u017c poprosi\u0107 o usuni\u0119cie wszelkich danych osobowych, kt\u00f3re posiadamy. Nie dotyczy to danych, kt\u00f3re jeste\u015bmy zobowi\u0105zani przechowywa\u0107 ze wzgl\u0119d\u00f3w administracyjnych, prawnych lub bezpiecze\u0144stwa.<\/p>\r\n\r\n\r\n\r\n<h2 class=\"wp-block-heading\">Dok\u0105d trafiaj\u0105 Twoje dane?<\/h2>\r\n\r\n\r\n\r\n<p>Komentarze u\u017cytkownik\u00f3w mog\u0105 by\u0107 sprawdzane przez automatyczne narz\u0119dzie do wykrywania spamu.<\/p>\r\n<h2 class=\"privacy-settings-accordion-heading\"><span class=\"title\">Rejestracja wiadomo\u015bci e-mail w WordPressie<\/span><\/h2>\r\n<div id=\"privacy-settings-accordion-block-wp-mail-logging\" class=\"privacy-settings-accordion-panel privacy-text-box-body hide-privacy-policy-tutorial\">\r\n<p>Kiedy korzystasz z r\u00f3\u017cnych funkcji tej strony (np. komentowania), wysy\u0142ane s\u0105 e-maile zawieraj\u0105ce informacje o Tobie powi\u0105zane z Twoim adresem e-mail. To, kt\u00f3re dane s\u0105 zawarte w tych wiadomo\u015bciach, zale\u017cy od wykonanej akcji. Te e-maile s\u0105 przechowywane i dost\u0119pne dla administrator\u00f3w strony jako zapis w logach.<\/p>\r\n<h2 class=\"privacy-settings-accordion-heading\"><span class=\"title\">LiteSpeed Cache<\/span><\/h2>\r\n<div class=\"privacy-settings-accordion-actions\">\r\n<div id=\"privacy-settings-accordion-block-litespeed-cache\" class=\"privacy-settings-accordion-panel privacy-text-box-body hide-privacy-policy-tutorial\">Ta strona korzysta z buforowania (cache), aby zapewni\u0107 szybszy czas reakcji i bardziej p\u0142ynne korzystanie ze strony. Buforowanie polega na tym, \u017ce potencjalnie przechowywana jest kopia ka\u017cdej wy\u015bwietlanej na stronie internetowej podstrony. Wszystkie pliki cache sa tymczasowe i nie s\u0105 udost\u0119pniane \u017cadnym osobom trzecim, z wyj\u0105tkiem sytuacji, gdy jest to niezb\u0119dne do uzyskania wsparcia technicznego od dostawcy wtyczki cache. Pliki cache wygasaj\u0105 zgodnie z harmonogramem ustalonym przez administratora strony, ale administrator mo\u017ce je w ka\u017cdej chwili usun\u0105\u0107 przed terminem wyga\u015bni\u0119cia, je\u015bli zajdzie taka potrzeba. Mo\u017cemy r\u00f3wnie\u017c korzysta\u0107 z us\u0142ug QUIC.cloud do tymczasowego przetwarzania i buforowania Twoich danych. Wejd\u017a na <a href=\"https:\/\/quic.cloud\/privacy-policy\/\" target=\"_blank\" rel=\"noopener\">https:\/\/quic.cloud\/privacy-policy\/<\/a> i dowiedz si\u0119 wi\u0119cej.<\/div>\r\n<div class=\"privacy-settings-accordion-panel privacy-text-box-body hide-privacy-policy-tutorial\">\r\n<div class=\"privacy-settings-accordion-actions\">\r\n<h2 class=\"privacy-settings-accordion-heading\"><span class=\"title\">Rejestracja wiadomo\u015bci e-mail w WordPressie<\/span><\/h2>\r\n<div id=\"privacy-settings-accordion-block-wp-mail-logging\" class=\"privacy-settings-accordion-panel privacy-text-box-body hide-privacy-policy-tutorial\">\r\n<p>Kiedy korzystasz z r\u00f3\u017cnych funkcji tej strony (np. komentowania), wysy\u0142ane s\u0105 e-maile zawieraj\u0105ce informacje o Tobie powi\u0105zane z Twoim adresem e-mail. To, kt\u00f3re dane s\u0105 zawarte w tych wiadomo\u015bciach, zale\u017cy od wykonanej akcji. Te e-maile s\u0105 przechowywane i dost\u0119pne dla administrator\u00f3w strony jako zapis w logach.<\/p>\r\n<div class=\"privacy-settings-accordion-actions\">\r\n<h2 class=\"privacy-settings-accordion-heading\"><span class=\"title\">Forminator Forms<\/span><\/h2>\r\n<div id=\"privacy-settings-accordion-block-forminator-forms\" class=\"privacy-settings-accordion-panel privacy-text-box-body hide-privacy-policy-tutorial\">\r\n<div class=\"wp-suggested-text\">\r\n<h4>Kt\u00f3re formularze zbieraj\u0105 dane osobowe?<\/h4>\r\n<p>If you use Forminator PRO to create and embed any forms on your website, you may need to mention it here to properly distinguish it from other forms.<\/p>\r\n<h4>Jakie dane osobowe zbieramy i dlaczego?<\/h4>\r\n<p>When visitors or users submit a form, we capture the &lt;strong&gt;IP Address&lt;\/strong&gt; for spam protection. We also capture the &lt;strong&gt;email address&lt;\/strong&gt; and might capture other personal data included in the Form fields.<\/p>\r\n<h4>Jak d\u0142ugo przechowujemy Twoje dane?<\/h4>\r\n<p>Przechowujemy dane przez 30 dni od momentu wype\u0142nienia formularza przez odwiedzaj\u0105cych i u\u017cytkownik\u00f3w.<\/p>\r\n<h4>Dok\u0105d trafiaj\u0105 Twoje dane?<\/h4>\r\n<p>Wszystkie zebrane dane mog\u0105 by\u0107 publicznie widoczne, a my przekazujemy je naszym pracownikom lub wykonawcom, aby mogli podj\u0105\u0107 niezb\u0119dne dzia\u0142ania w oparciu o przes\u0142ane formularze.<\/p>\r\n<h4>Third Parties<\/h4>\r\n<p>Dla ochrony przed spamem u\u017cywamy Google reCAPTCHA. Ich polityka prywatno\u015bci jest dost\u0119pna tutaj: https:\/\/policies.google.com\/privacy?hl=en.<\/p>\r\n<p>Dla ochrony przed spamem u\u017cywamy hCaptcha. Ich polityka prywatno\u015bci jest dost\u0119pna tutaj: https:\/\/www.hcaptcha.com\/privacy.<\/p>\r\n<p>Dla ochrony przed spamem u\u017cywamy Akismet Spam. Ich polityka prywatno\u015bci jest dost\u0119pna tutaj: https:\/\/automattic.com\/privacy\/.<\/p>\r\n<p>Do zarz\u0105dzania list\u0105 subskrybent\u00f3w u\u017cywamy Mailchimp. Ich polityka prywatno\u015bci jest dost\u0119pna tutaj: https:\/\/mailchimp.com\/legal\/privacy\/.<\/p>\r\n<p>Do zarz\u0105dzania list\u0105 subskrybent\u00f3w u\u017cywamy ActiveCampaign. Ich polityka prywatno\u015bci jest dost\u0119pna tutaj: https:\/\/www.activecampaign.com\/privacy-policy\/.<\/p>\r\n<p>Do zarz\u0105dzania list\u0105 subskrybent\u00f3w u\u017cywamy Aweber. Ich polityka prywatno\u015bci jest dost\u0119pna tutaj: https:\/\/www.aweber.com\/privacy.htm.<\/p>\r\n<p>Do zarz\u0105dzania list\u0105 subskrybent\u00f3w u\u017cywamy Campaign Monitor. Ich polityka prywatno\u015bci jest dost\u0119pna tutaj: https:\/\/www.campaignmonitor.com\/policies\/#privacy-policy.<\/p>\r\n<p>Do zarz\u0105dzania danymi dotycz\u0105cymi integracji u\u017cywamy Google Drive i Google Sheets. Ich polityka prywatno\u015bci jest dost\u0119pna tutaj: https:\/\/policies.google.com\/privacy?hl=en.<\/p>\r\n<p>Do zarz\u0105dzania danymi dotycz\u0105cymi integracji u\u017cywamy Trello. Ich polityka prywatno\u015bci jest dost\u0119pna tutaj: https:\/\/trello.com\/privacy.<\/p>\r\n<p>Do zarz\u0105dzania danymi dotycz\u0105cymi integracji u\u017cywamy Slack. Ich polityka prywatno\u015bci jest dost\u0119pna tutaj: https:\/\/slack.com\/privacy-policy.<\/p>\r\n<p>&nbsp;<\/p>\r\n<\/div>\r\n<div class=\"privacy-settings-accordion-actions\">\u00a0<\/div>\r\n<\/div>\r\n<\/div>\r\n<\/div>\r\n<\/div>\r\n<\/div>\r\n<\/div>\r\n<\/div>\r\n\r\n<p>&nbsp;<\/p>","protected":false},"excerpt":{"rendered":"<p>Who we are Our website address is: https:\/\/moderansolutions.com. Comments When visitors leave comments on the site we collect the data shown in the comments form, and also the visitor\u2019s IP address and browser user agent string to help spam detection. An anonymized string created from your email address (also called a hash) may be provided [&hellip;]<\/p>\n","protected":false},"author":3,"featured_media":0,"parent":0,"menu_order":0,"comment_status":"closed","ping_status":"closed","template":"","meta":{"_acf_changed":false,"footnotes":""},"class_list":["post-19029","page","type-page","status-publish","hentry"],"acf":[],"_links":{"self":[{"href":"https:\/\/moderansolutions.com\/pl\/wp-json\/wp\/v2\/pages\/19029","targetHints":{"allow":["GET"]}}],"collection":[{"href":"https:\/\/moderansolutions.com\/pl\/wp-json\/wp\/v2\/pages"}],"about":[{"href":"https:\/\/moderansolutions.com\/pl\/wp-json\/wp\/v2\/types\/page"}],"author":[{"embeddable":true,"href":"https:\/\/moderansolutions.com\/pl\/wp-json\/wp\/v2\/users\/3"}],"replies":[{"embeddable":true,"href":"https:\/\/moderansolutions.com\/pl\/wp-json\/wp\/v2\/comments?post=19029"}],"version-history":[{"count":0,"href":"https:\/\/moderansolutions.com\/pl\/wp-json\/wp\/v2\/pages\/19029\/revisions"}],"wp:attachment":[{"href":"https:\/\/moderansolutions.com\/pl\/wp-json\/wp\/v2\/media?parent=19029"}],"curies":[{"name":"wp","href":"https:\/\/api.w.org\/{rel}","templated":true}]}}